{"id":2821,"date":"2023-02-22T10:47:46","date_gmt":"2023-02-22T10:47:46","guid":{"rendered":"https:\/\/casadocativo.com\/?page_id=2821"},"modified":"2023-02-22T11:25:48","modified_gmt":"2023-02-22T11:25:48","slug":"events","status":"publish","type":"page","link":"https:\/\/casadocativo.com\/pt\/events\/","title":{"rendered":"EVENTOS"},"content":{"rendered":"<p><\/p>\n<p class=\"western\" align=\"JUSTIFY\"><span style=\"font-family: Sitka Subheading, serif;\">A Casa do Cativo pode ser o local para realizar o seu evento, podemos realizar encontros de fam\u00edlia e anivers\u00e1rios, reuni\u00f5es de neg\u00f3cios e at\u00e9 casamentos em regime de exclusividade. Estamos dispon\u00edveis para outros tipos de eventos, desde que se enquadrem no espa\u00e7o da Casa do Cativo. <\/span><\/p>\n<p class=\"western\" align=\"JUSTIFY\"><span style=\"font-family: Sitka Subheading, serif;\">Apresentamos uma capacidade m\u00e1xima de 18 h\u00f3spedes que pernoitem, sendo que o n\u00famero de participantes dos eventos pode ser superior.<\/span><\/p>\n<p class=\"western\" align=\"JUSTIFY\"><span style=\"font-family: Sitka Subheading, serif;\">Para a realiza\u00e7\u00f5es dos eventos, contamos com a seguinte estrutura:<\/span><\/p>\n<ul>\n<li><span style=\"font-family: Sitka Subheading, serif;\">8 unidades de alojamento<\/span>\n<ul>\n<li><span style=\"font-family: Sitka Subheading, serif;\">2 unidades com camas <\/span><span style=\"font-family: Sitka Subheading, serif;\"><i>Double<\/i><\/span><span style=\"font-family: Sitka Subheading, serif;\"> que podem ser convertidas em <\/span><span style=\"font-family: Sitka Subheading, serif;\"><i>Twin<\/i><\/span><\/li>\n<li><span style=\"font-family: Sitka Subheading, serif;\">5 unidades com camas <\/span><span style=\"font-family: Sitka Subheading, serif;\"><i>Double<\/i><\/span><\/li>\n<li><span style=\"font-family: Sitka Subheading, serif;\">1 unidade com 2 quartos <\/span><span style=\"font-family: Sitka Subheading, serif;\"><i>Double<\/i><\/span><\/li>\n<\/ul>\n<\/li>\n<li><span style=\"font-family: Sitka Subheading, serif;\">\u00c1reas comuns:<\/span>\n<ul>\n<li><span style=\"font-family: Sitka Subheading, serif;\">Piano Lounge \u2013 possibilidade de realizar rece\u00e7\u00f5es ou cocktails volantes<\/span><\/li>\n<li><span style=\"font-family: Sitka Subheading, serif;\">Jardim e Piscina \u2013 \u00e1reas onde se podem realizar qualquer tipo de eventos. A Piscina pode ser fechada para maximizar o espa\u00e7o \u00fatil e dessa forma aumentar o n\u00famero de participantes<\/span><\/li>\n<\/ul>\n<\/li>\n<li><span style=\"font-family: Sitka Subheading, serif;\">Sala de Refei\u00e7\u00f5es<\/span>\n<ul>\n<li><span style=\"font-family: Sitka Subheading, serif;\">Cozinha equipada para realiza\u00e7\u00e3o de refei\u00e7\u00f5es<\/span><\/li>\n<li><span style=\"font-family: Sitka Subheading, serif;\">Projetor e tela<\/span><\/li>\n<\/ul>\n<\/li>\n<\/ul>\n<p class=\"western\"><span style=\"font-family: Sitka Subheading, serif;\">Para mais informa\u00e7\u00f5es, entre em contacto connosco atrav\u00e9s de:<br \/>\n+351\u00a0927\u00a0197\u00a0917 ou reservations@casadocativo.com<\/span><\/p>\n<p><\/p>","protected":false},"excerpt":{"rendered":"<p>A Casa do Cativo pode ser o local para realizar o seu evento, podemos realizar encontros de fam\u00edlia e anivers\u00e1rios, reuni\u00f5es de neg\u00f3cios e at\u00e9 casamentos em regime de exclusividade. Estamos dispon\u00edveis para outros tipos de eventos, desde que se enquadrem no espa\u00e7o da Casa do Cativo. Apresentamos uma capacidade m\u00e1xima de 18 h\u00f3spedes que [&hellip;]<\/p>\n","protected":false},"author":1,"featured_media":0,"parent":0,"menu_order":0,"comment_status":"closed","ping_status":"closed","template":"","meta":{"inline_featured_image":false},"_links":{"self":[{"href":"https:\/\/casadocativo.com\/pt\/wp-json\/wp\/v2\/pages\/2821"}],"collection":[{"href":"https:\/\/casadocativo.com\/pt\/wp-json\/wp\/v2\/pages"}],"about":[{"href":"https:\/\/casadocativo.com\/pt\/wp-json\/wp\/v2\/types\/page"}],"author":[{"embeddable":true,"href":"https:\/\/casadocativo.com\/pt\/wp-json\/wp\/v2\/users\/1"}],"replies":[{"embeddable":true,"href":"https:\/\/casadocativo.com\/pt\/wp-json\/wp\/v2\/comments?post=2821"}],"version-history":[{"count":6,"href":"https:\/\/casadocativo.com\/pt\/wp-json\/wp\/v2\/pages\/2821\/revisions"}],"predecessor-version":[{"id":2839,"href":"https:\/\/casadocativo.com\/pt\/wp-json\/wp\/v2\/pages\/2821\/revisions\/2839"}],"wp:attachment":[{"href":"https:\/\/casadocativo.com\/pt\/wp-json\/wp\/v2\/media?parent=2821"}],"curies":[{"name":"wp","href":"https:\/\/api.w.org\/{rel}","templated":true}]}}