{"id":2819,"date":"2023-02-22T10:47:30","date_gmt":"2023-02-22T10:47:30","guid":{"rendered":"https:\/\/casadocativo.com\/?page_id=2819"},"modified":"2023-02-22T15:35:51","modified_gmt":"2023-02-22T15:35:51","slug":"porto","status":"publish","type":"page","link":"https:\/\/casadocativo.com\/pt\/porto\/","title":{"rendered":"PORTO"},"content":{"rendered":"<p>[vc_row][vc_column][vc_column_text]<\/p>\n<p class=\"western\" align=\"JUSTIFY\"><span style=\"font-family: Sitka Subheading, serif;\">A Casa do Cativo est\u00e1 localizada no cora\u00e7\u00e3o do Porto, cidade hist\u00f3rica, Patrim\u00f3nio da UNESCO. Aproveite a localiza\u00e7\u00e3o e explore a p\u00e9 todos os arredores. Perder-se na cidade vai revelar-se como sendo a melhor forma de percorrer todas as suas ruas hist\u00f3ricas, encontrando os pequenos restaurantes e lojas locais e tradicionais.<\/span><\/p>\n<p class=\"western\" align=\"JUSTIFY\"><span style=\"font-family: Sitka Subheading, serif;\">Para o ajudar a planear os seus dias no Porto, deixamos aqui algumas sugest\u00f5es.<\/span><\/p>\n<p class=\"western\" align=\"JUSTIFY\"><span style=\"font-family: Sitka Subheading, serif;\"><b>Pontos de interesse hist\u00f3ricos:<\/b><\/span><\/p>\n<ul>\n<li><span style=\"font-family: Sitka Subheading, serif;\"><b>Esta\u00e7\u00e3o de S\u00e3o Bento<\/b><\/span><span style=\"font-family: Sitka Subheading, serif;\"> \u2013 famosa pela sua arquitetrua e pelos azulejos<\/span><\/li>\n<li><span style=\"font-family: Sitka Subheading, serif;\"><b>S\u00e9 Catedral<\/b><\/span><span style=\"font-family: Sitka Subheading, serif;\"> \u2013 Igreja do S\u00e9c. XII<\/span><\/li>\n<li><span style=\"font-family: Sitka Subheading, serif;\"><b>Ponte D. Lu\u00eds<\/b><\/span><span style=\"font-family: Sitka Subheading, serif;\"> \u2013 Tamb\u00e9m conhecida como a ponte de Ferro, uma obra prima do Engenheiro Th\u00e9ophile Seyrig<\/span><\/li>\n<li><span style=\"font-family: Sitka Subheading, serif;\"><b>Teatro Nacional de S\u00e3o Jo\u00e3o<\/b><\/span><span style=\"font-family: Sitka Subheading, serif;\"> \u2013 O ic\u00f3nico teatro na cidade do Porto<\/span><\/li>\n<li><span style=\"font-family: Sitka Subheading, serif;\"><b>Torre dos Cl\u00e9rigos<\/b><\/span><span style=\"font-family: Sitka Subheading, serif;\"> \u2013 talvez o mais importante monumento da cidade<\/span><\/li>\n<li><span style=\"font-family: Sitka Subheading, serif;\"><b>Livraria Lello <\/b><\/span><span style=\"font-family: Sitka Subheading, serif;\">\u2013 Considerada uma das lojas mais bonitas do Mundo<\/span><\/li>\n<li><span style=\"font-family: Sitka Subheading, serif;\"><b>Igreja do Carmo e Carmelitas<\/b><\/span><span style=\"font-family: Sitka Subheading, serif;\"> \u2013 2 igrejas lado a lada, mas separadas por um s\u00e9culo<\/span><\/li>\n<li><span style=\"font-family: Sitka Subheading, serif;\"><b>Rua de Santa Catarina<\/b><\/span><span style=\"font-family: Sitka Subheading, serif;\"> \u2013 Visite o Caf\u00e9 Majestic e a Capela das Almas<\/span><\/li>\n<li><span style=\"font-family: Sitka Subheading, serif;\"><b>Rua de S\u00e1 da Bandeira<\/b><\/span><span style=\"font-family: Sitka Subheading, serif;\"> \u2013 Vistite uma das muitas mercearias tradicionais e o Mercado do Bolh\u00e3o, um cl\u00e1ssico da cidade do Porto<\/span><\/li>\n<li><span style=\"font-family: Sitka Subheading, serif;\"><b>Caves do Vinho do Porto<\/b><\/span><span style=\"font-family: Sitka Subheading, serif;\"> \u2013 escolha uma ou duas entre as in\u00fameras Caves para realizar uma visita guiada e no final uma prova de vinhos do Porto.<\/span><\/li>\n<\/ul>\n<p class=\"western\" align=\"JUSTIFY\"><span style=\"font-family: Sitka Subheading, serif;\"><b>Restaurantes de interesse:<\/b><\/span><\/p>\n<ul>\n<li><span style=\"font-family: Sitka Subheading, serif;\"><b>Gazela<\/b><\/span><span style=\"font-family: Sitka Subheading, serif;\"> \u2013 famosos pelos \u201ccachorrinhos\u201d, snack perfeito para a tarde<\/span><\/li>\n<li><span style=\"font-family: Sitka Subheading, serif;\"><b>Casa Louro<\/b><\/span><span style=\"font-family: Sitka Subheading, serif;\"> \u2013 uma das mais famosas sandes de presunto da cidade do Porto<\/span><\/li>\n<li><span style=\"font-family: Sitka Subheading, serif;\"><b>Rog\u00e9rio do Redondo<\/b><\/span><span style=\"font-family: Sitka Subheading, serif;\"> \u2013 comida tradicional num ambiente descontra\u00eddo, mas sem esquecer a qualidade<\/span><\/li>\n<li><span style=\"font-family: Sitka Subheading, serif;\"><b>Adega de S\u00e3o Nicolau<\/b><\/span><span style=\"font-family: Sitka Subheading, serif;\"> \u2013 Um cl\u00e1ssico na Ribeira<\/span><\/li>\n<li><span style=\"font-family: Sitka Subheading, serif;\"><b>Cantinho Avillez<\/b><\/span><span style=\"font-family: Sitka Subheading, serif;\"> \u2013 Onde a gastronomia tradicional ganha uma nova vida <\/span><\/li>\n<li><span style=\"font-family: Sitka Subheading, serif;\"><b>Flow<\/b><\/span><span style=\"font-family: Sitka Subheading, serif;\"> \u2013 Moderno, \u201cFunky\u201d, excelente op\u00e7\u00e3o para ir com amigos<\/span><\/li>\n<li><span style=\"font-family: Sitka Subheading, serif;\"><b>Almeja<\/b><\/span><span style=\"font-family: Sitka Subheading, serif;\"> \u2013 Casual Fine Dining<\/span><\/li>\n<li><span style=\"font-family: Sitka Subheading, serif;\"><b>DOP<\/b><\/span><span style=\"font-family: Sitka Subheading, serif;\"> \u2013 Chef Rui Paula<\/span><\/li>\n<li><span style=\"font-family: Sitka Subheading, serif;\"><b>Pedro Lemos<\/b><\/span><span style=\"font-family: Sitka Subheading, serif;\"> \u2013 1 estrela Michelin<\/span><\/li>\n<li><span style=\"font-family: Sitka Subheading, serif;\"><b>Restaurante Gastron\u00f3mico The Yeatman<\/b><\/span><span style=\"font-family: Sitka Subheading, serif;\"> \u2013 2 estrelas Michelin<\/span><\/li>\n<li><span style=\"font-family: Sitka Subheading, serif;\"><b>Em Carne Viva<\/b><\/span><span style=\"font-family: Sitka Subheading, serif;\"> \u2013 Vegetariano<\/span><\/li>\n<li><span style=\"font-family: Sitka Subheading, serif;\"><b>5 Oceanos Matosinhos<\/b><\/span><span style=\"font-family: Sitka Subheading, serif;\"> \u2013 A escolha para o peixe e marisco mais fresco da cidade<\/span><\/li>\n<\/ul>\n<p><span style=\"font-family: Sitka Subheading, serif;\">Entre em contacto diretamente connosco caso deseja efetuar uma reserva neste ou em algum outro restaurante que deseje experimentar \u2013 reservations@casadocativo.com<\/span>[\/vc_column_text][\/vc_column][\/vc_row][vc_row][vc_column][vc_gmaps link=&#8221;#E-8_JTNDaWZyYW1lJTIwc3JjJTNEJTIyaHR0cHMlM0ElMkYlMkZ3d3cuZ29vZ2xlLmNvbSUyRm1hcHMlMkZkJTJGZW1iZWQlM0ZtaWQlM0QxQkhBbm1OSkhodW5IM0lmWW0yanNBTTc1NVRfNHBndyUyNmVoYmMlM0QyRTMxMkYlMjIlMjB3aWR0aCUzRCUyMjY0MCUyMiUyMGhlaWdodCUzRCUyMjQ4MCUyMiUzRSUzQyUyRmlmcmFtZSUzRQ==&#8221;][\/vc_column][\/vc_row]<\/p>","protected":false},"excerpt":{"rendered":"<p>[vc_row][vc_column][vc_column_text] A Casa do Cativo est\u00e1 localizada no cora\u00e7\u00e3o do Porto, cidade hist\u00f3rica, Patrim\u00f3nio da UNESCO. Aproveite a localiza\u00e7\u00e3o e explore a p\u00e9 todos os arredores. Perder-se na cidade vai revelar-se como sendo a melhor forma de percorrer todas as suas ruas hist\u00f3ricas, encontrando os pequenos restaurantes e lojas locais e tradicionais. Para o ajudar [&hellip;]<\/p>\n","protected":false},"author":1,"featured_media":0,"parent":0,"menu_order":0,"comment_status":"closed","ping_status":"closed","template":"","meta":{"inline_featured_image":false},"_links":{"self":[{"href":"https:\/\/casadocativo.com\/pt\/wp-json\/wp\/v2\/pages\/2819"}],"collection":[{"href":"https:\/\/casadocativo.com\/pt\/wp-json\/wp\/v2\/pages"}],"about":[{"href":"https:\/\/casadocativo.com\/pt\/wp-json\/wp\/v2\/types\/page"}],"author":[{"embeddable":true,"href":"https:\/\/casadocativo.com\/pt\/wp-json\/wp\/v2\/users\/1"}],"replies":[{"embeddable":true,"href":"https:\/\/casadocativo.com\/pt\/wp-json\/wp\/v2\/comments?post=2819"}],"version-history":[{"count":7,"href":"https:\/\/casadocativo.com\/pt\/wp-json\/wp\/v2\/pages\/2819\/revisions"}],"predecessor-version":[{"id":2857,"href":"https:\/\/casadocativo.com\/pt\/wp-json\/wp\/v2\/pages\/2819\/revisions\/2857"}],"wp:attachment":[{"href":"https:\/\/casadocativo.com\/pt\/wp-json\/wp\/v2\/media?parent=2819"}],"curies":[{"name":"wp","href":"https:\/\/api.w.org\/{rel}","templated":true}]}}