{"id":2817,"date":"2023-02-22T10:47:12","date_gmt":"2023-02-22T10:47:12","guid":{"rendered":"https:\/\/casadocativo.com\/?page_id=2817"},"modified":"2023-02-22T11:19:39","modified_gmt":"2023-02-22T11:19:39","slug":"experiences","status":"publish","type":"page","link":"https:\/\/casadocativo.com\/pt\/experiences\/","title":{"rendered":"EXPERIENCIAS"},"content":{"rendered":"<p><\/p>\n<p class=\"western\" align=\"JUSTIFY\"><span style=\"font-family: Sitka Subheading, serif;\">Na Casa do Cativo, queremos tornar a sua estadia o mais agrad\u00e1vel poss\u00edvel. Para isso, reunimos um conjunto de atividades e experi\u00eancias personaliz\u00e1veis e exclusivas para que aproveite o que de melhor a cidade do Porto e a regi\u00e3o Norte tem para oferecer.<\/span><\/p>\n<p align=\"JUSTIFY\"><span style=\"font-family: Sitka Subheading, serif;\"><b>Tours privados \u00e0 regi\u00e3o Vin\u00edcola do Douro<\/b><\/span><span style=\"font-family: Sitka Subheading, serif;\"> \u2013 Podemos organizar a sua viagem de um dia ao Vale do Douro a produtores de vinho selecionados, onde poder\u00e1 provar os seus melhores vinhos e aprender sobre a sua hist\u00f3ria. Que tal um piquenique numa daquelas vinhas preparado por um chef privado ou um almo\u00e7o requintado com vista para o rio Douro? Deixe-nos projetar sua experi\u00eancia personalizada com base em suas prefer\u00eancias pessoais<\/span><\/p>\n<p align=\"JUSTIFY\"><span style=\"font-family: Sitka Subheading, serif;\"><i><b>Food Tours<\/b><\/i><\/span><span style=\"font-family: Sitka Subheading, serif;\"> \u2013 O Porto tem uma vasta oferta de restaurantes tradicionais e modernos, assim como as \u201cTascas\u201d (pequenos restaurantes t\u00edpicos). Se \u00e9 um <\/span><span style=\"font-family: Sitka Subheading, serif;\"><i>food lover<\/i><\/span><span style=\"font-family: Sitka Subheading, serif;\">, deixe-nos planear a sua experi\u00eancia gastron\u00f3mica degustando o que de melhor o Porto tem para oferecer.<\/span><\/p>\n<p align=\"JUSTIFY\"><span style=\"font-family: Sitka Subheading, serif;\"><b>Porto <\/b><\/span><span style=\"font-family: Sitka Subheading, serif;\"><i><b>Walking Tours<\/b><\/i><\/span><span style=\"font-family: Sitka Subheading, serif;\"> \u2013 Em grupo ou em exclusivo, a p\u00e9 ou com motorista particular, um guia experiente ir\u00e1 lev\u00e1-lo a uma viagem pelas antigas, mas belas ruas do Porto. Podemos projetar o seu passeio ideal, dependendo da dura\u00e7\u00e3o desejada, dos locais a serem visitados e das experi\u00eancias que voc\u00ea deseja desfrutar, como uma degusta\u00e7\u00e3o de vinhos ou uma visita a uma loja artesanal local.<\/span><\/p>\n<p align=\"JUSTIFY\"><span style=\"font-family: Sitka Subheading, serif;\"><b>Cruzeiro no Rio Douro<\/b><\/span><span style=\"font-family: Sitka Subheading, serif;\"> \u2013 Num dia de primavera ou ver\u00e3o, desfrute de um cruzeiro pelo rio Douro contemplando diferentes vistas e perspetivas das duas cidades ao longo do percurso, Porto e Gaia. Os passeios de barco podem ser desfrutados em regime privado ou em grupo.<\/span><\/p>\n<p align=\"JUSTIFY\"><span style=\"font-family: Sitka Subheading, serif;\"><b>Parque Nacional do Ger\u00eas<\/b><\/span><span style=\"font-family: Sitka Subheading, serif;\"> \u2013 Visite o Ger\u00eas e deixe-se envolver pela tranquilidade do parque enquanto se liga \u00e0 natureza para um dia relaxante ou de aventura. Opte por um passeio organizado e poder\u00e1 visitar locais fora dos roteiros mais conhecidos e visitados, como trilhos de caminhada, piscinas naturais, miradouros e quedas de \u00e1gua.<\/span><\/p>\n<p align=\"JUSTIFY\"><span style=\"font-family: Sitka Subheading, serif;\"><b>Jantar privado na Casa do Cativo<\/b><\/span><span style=\"font-family: Sitka Subheading, serif;\"> \u2013 Surpreenda a sua fam\u00edlia ou companheiros de viagem com um jantar privado na Casa do Cativo, com curadoria das suas prefer\u00eancias gastron\u00f3micas. Trabalhamos com v\u00e1rios chefs do Porto que podem preparar uma refei\u00e7\u00e3o de v\u00e1rios pratos harmonizada com vinhos locais para uma experi\u00eancia inesquec\u00edvel.<\/span><\/p>\n<p align=\"JUSTIFY\"><span style=\"font-family: Sitka Subheading, serif;\"><i><b>Wine Class<\/b><\/i><\/span><span style=\"font-family: Sitka Subheading, serif;\"> \u2013 Se est\u00e1 interessado em aprender sobre o processo de vinifica\u00e7\u00e3o ou simplesmente gostaria de aprender mais sobre os vinhos de Portugal e o processo \u201cda uva para a mesa\u201d, podemos organizar uma aula privada na Casa do Cativo ou numa Quinta na regi\u00e3o do Douro.<\/span><\/p>\n<p align=\"JUSTIFY\"><span style=\"font-family: Sitka Subheading, serif;\"><b>Decora\u00e7\u00e3o especial no quarto<\/b><\/span><span style=\"font-family: Sitka Subheading, serif;\"> \u2013 Se estiver a celebrar um evento especial ou um anivers\u00e1rio durante a sua estadia na Casa do Cativo, informe-nos e podemos organizar uma decora\u00e7\u00e3o especial no seu quarto ou providenciar uma sele\u00e7\u00e3o de vinhos ou outros produtos antes da sua chegada.<\/span><\/p>\n<p align=\"JUSTIFY\"><span style=\"font-family: Sitka Subheading, serif;\"><b>Aulas privadas de <\/b><\/span><span style=\"font-family: Sitka Subheading, serif;\"><i><b>Yoga<\/b><\/i><\/span><span style=\"font-family: Sitka Subheading, serif;\"> \u2013 Marque a sua aula de Yoga com um instrutor privado e passe algum tempo na Casa do Cativo a conectar-se consigo mesmo e a focar-se nos seus objetivos de bem-estar.<\/span><\/p>\n<p align=\"JUSTIFY\"><span style=\"font-family: Sitka Subheading, serif;\"><b>Transferes privados<\/b><\/span><span style=\"font-family: Sitka Subheading, serif;\"> \u2013 Chegue em grande estilo \u00e0 Casa do Cativo. Um motorista particular estar\u00e1 \u00e0 espera por si no aeroporto ou esta\u00e7\u00e3o de comboio para acompanh\u00e1-lo at\u00e9 \u00e0 Casa do Cativo. <\/span><\/p>\n<p class=\"western\" align=\"JUSTIFY\"><span style=\"font-family: Sitka Subheading, serif;\">Se houver algo que n\u00e3o esteja contemplando nestas experi\u00eancias que gostasse de realizar ou descobrir no Porto, informe-nos e podemos trabalhar consigo para organizar e sugerir experi\u00eancias adicionais.<\/span><\/p>\n<p class=\"western\" align=\"JUSTIFY\"><span style=\"font-family: Sitka Subheading, serif;\">Por favor contacte-nos diretamente atrav\u00e9s do email: reservations@casadocativo.com para quest\u00f5es ou para reservar qualquer uma das experi\u00eancias acima.<\/span><\/p>\n<p><\/p>","protected":false},"excerpt":{"rendered":"<p>Na Casa do Cativo, queremos tornar a sua estadia o mais agrad\u00e1vel poss\u00edvel. Para isso, reunimos um conjunto de atividades e experi\u00eancias personaliz\u00e1veis e exclusivas para que aproveite o que de melhor a cidade do Porto e a regi\u00e3o Norte tem para oferecer. Tours privados \u00e0 regi\u00e3o Vin\u00edcola do Douro \u2013 Podemos organizar a sua [&hellip;]<\/p>\n","protected":false},"author":1,"featured_media":0,"parent":0,"menu_order":0,"comment_status":"closed","ping_status":"closed","template":"","meta":{"inline_featured_image":false},"_links":{"self":[{"href":"https:\/\/casadocativo.com\/pt\/wp-json\/wp\/v2\/pages\/2817"}],"collection":[{"href":"https:\/\/casadocativo.com\/pt\/wp-json\/wp\/v2\/pages"}],"about":[{"href":"https:\/\/casadocativo.com\/pt\/wp-json\/wp\/v2\/types\/page"}],"author":[{"embeddable":true,"href":"https:\/\/casadocativo.com\/pt\/wp-json\/wp\/v2\/users\/1"}],"replies":[{"embeddable":true,"href":"https:\/\/casadocativo.com\/pt\/wp-json\/wp\/v2\/comments?post=2817"}],"version-history":[{"count":5,"href":"https:\/\/casadocativo.com\/pt\/wp-json\/wp\/v2\/pages\/2817\/revisions"}],"predecessor-version":[{"id":2835,"href":"https:\/\/casadocativo.com\/pt\/wp-json\/wp\/v2\/pages\/2817\/revisions\/2835"}],"wp:attachment":[{"href":"https:\/\/casadocativo.com\/pt\/wp-json\/wp\/v2\/media?parent=2817"}],"curies":[{"name":"wp","href":"https:\/\/api.w.org\/{rel}","templated":true}]}}