{"id":2302,"date":"2021-02-10T16:06:46","date_gmt":"2021-02-10T16:06:46","guid":{"rendered":"https:\/\/casadocativo.com\/?page_id=2302"},"modified":"2023-02-22T14:13:49","modified_gmt":"2023-02-22T14:13:49","slug":"terms-and-conditions","status":"publish","type":"page","link":"https:\/\/casadocativo.com\/pt\/terms-and-conditions\/","title":{"rendered":"Termos e condi\u00e7\u00f5es"},"content":{"rendered":"<\/p>\r\n<p class=\"western\" align=\"JUSTIFY\"><span style=\"font-family: Sitka Subheading, serif;\"><span lang=\"en-US\"><b>Cancellation Policy<\/b><\/span><\/span><\/p>\r\n<p class=\"western\" align=\"JUSTIFY\"><span style=\"font-family: Sitka Subheading, serif;\"><span lang=\"en-US\">The customer must pay 50% of the total amount if he cancels or modifies the reservation after 5 days, prior to arrival.<\/span><\/span><\/p>\r\n<p class=\"western\" align=\"JUSTIFY\"><span style=\"font-family: Sitka Subheading, serif;\"><span lang=\"en-US\"><b>Conditions on non-comparisons<\/b><\/span><\/span><\/p>\r\n<p class=\"western\" align=\"JUSTIFY\"><span style=\"font-family: Sitka Subheading, serif;\"><span lang=\"en-US\">In case of no-show, the guest will have to pay the total amount of the reservation.<\/span><\/span><\/p>\r\n<p class=\"western\" align=\"JUSTIFY\"><span style=\"font-family: Sitka Subheading, serif;\"><span lang=\"en-US\"><b>Deposit<\/b><\/span><\/span><\/p>\r\n<p class=\"western\" align=\"JUSTIFY\"><span style=\"font-family: Sitka Subheading, serif;\"><span lang=\"en-US\">Your customers don&#8217;t pay a deposit.<\/span><\/span><\/p>\r\n<p class=\"western\" align=\"JUSTIFY\"><span style=\"font-family: Sitka Subheading, serif;\"><span lang=\"en-US\"><b>Internet<\/b><\/span><\/span><\/p>\r\n<p class=\"western\" align=\"JUSTIFY\"><span style=\"font-family: Sitka Subheading, serif;\"><span lang=\"en-US\">Wi-Fi access available throughout the hotel. Cost: Free<\/span><\/span><\/p>\r\n<p class=\"western\" align=\"JUSTIFY\"><span style=\"font-family: Sitka Subheading, serif;\"><span lang=\"en-US\"><b>Regulation for Children and Extra Beds<\/b><\/span><\/span><\/p>\r\n<p class=\"western\" align=\"JUSTIFY\"><span style=\"font-family: Sitka Subheading, serif;\"><span lang=\"en-US\">Children of any age are allowed.<\/span><\/span><\/p>\r\n<p class=\"western\" align=\"JUSTIFY\"><span style=\"font-family: Sitka Subheading, serif;\"><span lang=\"en-US\">1 child (up to 2 years old (inclusive)) can stay free of charge, using the available cribs.<\/span><\/span><\/p>\r\n<p class=\"western\" align=\"JUSTIFY\"><span style=\"font-family: Sitka Subheading, serif;\"><span lang=\"en-US\">Extra beds are not available.<\/span><\/span><\/p>\r\n<p class=\"western\" align=\"JUSTIFY\"><span style=\"font-family: Sitka Subheading, serif;\"><span lang=\"en-US\">The maximum number of cribs is 1.<\/span><\/span><\/p>\r\n<p class=\"western\" align=\"JUSTIFY\"><span style=\"font-family: Sitka Subheading, serif;\"><span lang=\"en-US\">Minimum age to check-in is 18 years old.<\/span><\/span><\/p>\r\n<p class=\"western\" align=\"JUSTIFY\"><span style=\"font-family: Sitka Subheading, serif;\"><span lang=\"en-US\"><b>Parking<\/b><\/span><\/span><\/p>\r\n<p class=\"western\" align=\"JUSTIFY\"><span style=\"font-family: Sitka Subheading, serif;\"><span lang=\"en-US\">Parking available at an extra cost of \u20ac15\/day, prior reservation required and subject to availability<\/span><\/span><\/p>\r\n<p class=\"western\" align=\"JUSTIFY\"><span style=\"font-family: Sitka Subheading, serif;\"><span lang=\"en-US\"><b>Pets<\/b><\/span><\/span><\/p>\r\n<p class=\"western\" align=\"JUSTIFY\"><span style=\"font-family: Sitka Subheading, serif;\"><span lang=\"en-US\">Pets are not allowed.<\/span><\/span><\/p>\r\n<p class=\"western\" align=\"JUSTIFY\"><span style=\"font-family: Sitka Subheading, serif;\"><span lang=\"en-US\"><b>Groups<\/b><\/span><\/span><\/p>\r\n<p class=\"western\" align=\"JUSTIFY\"><span style=\"font-family: Sitka Subheading, serif;\"><span lang=\"en-US\">Special conditions apply for groups. Parties or events are not allowed without prior communication with Casa do Cativo management and subject to approval.<\/span><\/span><\/p>\r\n<p>[\/vc_column_text][\/vc_column][\/vc_row]<\/p><p>[vc_row][vc_column][vc_column_text]<\/p>\r\n<p class=\"western\" align=\"JUSTIFY\"><span style=\"font-family: Sitka Subheading, serif;\"><b>Cancelamento<\/b><\/span><\/p>\r\n<p class=\"western\" align=\"JUSTIFY\"><span style=\"font-family: Sitka Subheading, serif;\">O h\u00f3spede dever\u00e1 pagar 50% do valor total se cancelar ou modificar a reserva com menos de 5 dias da data de chegada.<\/span><\/p>\r\n<p class=\"western\" align=\"JUSTIFY\"><span style=\"font-family: Sitka Subheading, serif;\"><b>Condi\u00e7\u00f5es sobre n\u00e3o compar\u00eancias<\/b><\/span><\/p>\r\n<p class=\"western\" align=\"JUSTIFY\"><span style=\"font-family: Sitka Subheading, serif;\">Em caso de n\u00e3o compar\u00eancia, o h\u00f3spede ter\u00e1 de pagar o valor total da reserva.<\/span><\/p>\r\n<p class=\"western\" align=\"JUSTIFY\"><span style=\"font-family: Sitka Subheading, serif;\"><b>Cau\u00e7\u00e3o<\/b><\/span><\/p>\r\n<p class=\"western\" align=\"JUSTIFY\"><span style=\"font-family: Sitka Subheading, serif;\">Os seus clientes n\u00e3o pagam uma cau\u00e7\u00e3o.<\/span><\/p>\r\n<p class=\"western\" align=\"JUSTIFY\"><span style=\"font-family: Sitka Subheading, serif;\"><b>Internet<\/b><\/span><\/p>\r\n<p class=\"western\" align=\"JUSTIFY\"><span style=\"font-family: Sitka Subheading, serif;\">Acesso Wi-Fi dispon\u00edvel por todo o hotel. Custo: Gratuito<\/span><\/p>\r\n<p class=\"western\" align=\"JUSTIFY\"><span style=\"font-family: Sitka Subheading, serif;\"><b>Regulamento para Crian\u00e7as e Camas Extra<\/b><\/span><\/p>\r\n<p class=\"western\" align=\"JUSTIFY\"><span style=\"font-family: Sitka Subheading, serif;\">S\u00e3o permitidas crian\u00e7as de qualquer idade.<\/span><\/p>\r\n<p class=\"western\" align=\"JUSTIFY\"><span style=\"font-family: Sitka Subheading, serif;\">1 crian\u00e7a (at\u00e9 aos 2 anos (inclusive)) pode hospedar-se gratuitamente, se utilizar os ber\u00e7os dispon\u00edveis.<\/span><\/p>\r\n<p class=\"western\" align=\"JUSTIFY\"><span style=\"font-family: Sitka Subheading, serif;\">N\u00e3o est\u00e3o dispon\u00edveis camas extra.<\/span><\/p>\r\n<p class=\"western\" align=\"JUSTIFY\"><span style=\"font-family: Sitka Subheading, serif;\">O n\u00famero m\u00e1ximo de ber\u00e7os \u00e9 de 1.<\/span><\/p>\r\n<p class=\"western\" align=\"JUSTIFY\"><span style=\"font-family: Sitka Subheading, serif;\">N\u00e3o \u00e9 permitida a estadia a menores de 18 anos, que n\u00e3o acompanhados por um adulto.<\/span><\/p>\r\n<p class=\"western\" align=\"JUSTIFY\"><span style=\"font-family: Sitka Subheading, serif;\"><b>Estacionamento<\/b><\/span><\/p>\r\n<p class=\"western\" align=\"JUSTIFY\"><span style=\"font-family: Sitka Subheading, serif;\">Estacionamento dispon\u00edvel com custo extra 15\u20ac\/dia, carece de reserva pr\u00e9via e sujeito a disponibilidade<\/span><\/p>\r\n<p class=\"western\" align=\"JUSTIFY\"><span style=\"font-family: Sitka Subheading, serif;\"><b>Animais de estima\u00e7\u00e3o<\/b><\/span><\/p>\r\n<p class=\"western\" align=\"JUSTIFY\"><span style=\"font-family: Sitka Subheading, serif;\">Animais de estima\u00e7\u00e3o: n\u00e3o admitidos.<\/span><\/p>\r\n<p class=\"western\" align=\"JUSTIFY\"><span style=\"font-family: Sitka Subheading, serif;\"><b>Grupos<\/b><\/span><\/p>\r\n<p class=\"western\" align=\"JUSTIFY\"><span style=\"font-family: Sitka Subheading, serif;\">Aplicam-se condi\u00e7\u00f5es especiais para grupos. N\u00e3o s\u00e3o permitidas festas ou eventos sem pr\u00e9via comunica\u00e7\u00e3o com o respons\u00e1vel da Casa do Cativo e sujeitas a aprova\u00e7\u00e3o.<\/span><\/p>\r\n<p>[\/vc_column_text][\/vc_column][\/vc_row]<\/p><p>[vc_row][vc_column][vc_column_text]<!-- wp:heading --><\/p>\r\n<p class=\"western\" align=\"JUSTIFY\"><span style=\"font-family: Sitka Subheading, serif;\"><b>Cancelamento<\/b><\/span><\/p>\r\n<p class=\"western\" align=\"JUSTIFY\"><span style=\"font-family: Sitka Subheading, serif;\">O h\u00f3spede dever\u00e1 pagar 50% do valor total se cancelar ou modificar a reserva com menos de 5 dias da data de chegada.<\/span><\/p>\r\n<p class=\"western\" align=\"JUSTIFY\"><span style=\"font-family: Sitka Subheading, serif;\"><b>Condi\u00e7\u00f5es sobre n\u00e3o compar\u00eancias<\/b><\/span><\/p>\r\n<p class=\"western\" align=\"JUSTIFY\"><span style=\"font-family: Sitka Subheading, serif;\">Em caso de n\u00e3o compar\u00eancia, o h\u00f3spede ter\u00e1 de pagar o valor total da reserva.<\/span><\/p>\r\n<p class=\"western\" align=\"JUSTIFY\"><span style=\"font-family: Sitka Subheading, serif;\"><b>Cau\u00e7\u00e3o<\/b><\/span><\/p>\r\n<p class=\"western\" align=\"JUSTIFY\"><span style=\"font-family: Sitka Subheading, serif;\">Os seus clientes n\u00e3o pagam uma cau\u00e7\u00e3o.<\/span><\/p>\r\n<p class=\"western\" align=\"JUSTIFY\"><span style=\"font-family: Sitka Subheading, serif;\"><b>Internet<\/b><\/span><\/p>\r\n<p class=\"western\" align=\"JUSTIFY\"><span style=\"font-family: Sitka Subheading, serif;\">Acesso Wi-Fi dispon\u00edvel por todo o hotel. Custo: Gratuito<\/span><\/p>\r\n<p class=\"western\" align=\"JUSTIFY\"><span style=\"font-family: Sitka Subheading, serif;\"><b>Regulamento para Crian\u00e7as e Camas Extra<\/b><\/span><\/p>\r\n<p class=\"western\" align=\"JUSTIFY\"><span style=\"font-family: Sitka Subheading, serif;\">S\u00e3o permitidas crian\u00e7as de qualquer idade.<\/span><\/p>\r\n<p class=\"western\" align=\"JUSTIFY\"><span style=\"font-family: Sitka Subheading, serif;\">1 crian\u00e7a (at\u00e9 aos 2 anos (inclusive)) pode hospedar-se gratuitamente, se utilizar os ber\u00e7os dispon\u00edveis.<\/span><\/p>\r\n<p class=\"western\" align=\"JUSTIFY\"><span style=\"font-family: Sitka Subheading, serif;\">N\u00e3o est\u00e3o dispon\u00edveis camas extra.<\/span><\/p>\r\n<p class=\"western\" align=\"JUSTIFY\"><span style=\"font-family: Sitka Subheading, serif;\">O n\u00famero m\u00e1ximo de ber\u00e7os \u00e9 de 1.<\/span><\/p>\r\n<p class=\"western\" align=\"JUSTIFY\"><span style=\"font-family: Sitka Subheading, serif;\">N\u00e3o \u00e9 permitida a estadia a menores de 18 anos, que n\u00e3o acompanhados por um adulto.<\/span><\/p>\r\n<p class=\"western\" align=\"JUSTIFY\"><span style=\"font-family: Sitka Subheading, serif;\"><b>Estacionamento<\/b><\/span><\/p>\r\n<p class=\"western\" align=\"JUSTIFY\"><span style=\"font-family: Sitka Subheading, serif;\">Estacionamento dispon\u00edvel com custo extra 15\u20ac\/dia, carece de reserva pr\u00e9via e sujeito a disponibilidade<\/span><\/p>\r\n<p class=\"western\" align=\"JUSTIFY\"><span style=\"font-family: Sitka Subheading, serif;\"><b>Animais de estima\u00e7\u00e3o<\/b><\/span><\/p>\r\n<p class=\"western\" align=\"JUSTIFY\"><span style=\"font-family: Sitka Subheading, serif;\">Animais de estima\u00e7\u00e3o: n\u00e3o admitidos.<\/span><\/p>\r\n<p class=\"western\" align=\"JUSTIFY\"><span style=\"font-family: Sitka Subheading, serif;\"><b>Grupos<\/b><\/span><\/p>\r\n<p class=\"western\" align=\"JUSTIFY\"><span style=\"font-family: Sitka Subheading, serif;\">Aplicam-se condi\u00e7\u00f5es especiais para grupos. N\u00e3o s\u00e3o permitidas festas ou eventos sem pr\u00e9via comunica\u00e7\u00e3o com o respons\u00e1vel da Casa do Cativo e sujeitas a aprova\u00e7\u00e3o.<\/span><\/p>\r\n<p>[\/vc_column_text][\/vc_column][\/vc_row]<\/p>","protected":false},"excerpt":{"rendered":"<p>Cancellation Policy The customer must pay 50% of the total amount if he cancels or modifies the reservation after 5 days, prior to arrival. Conditions on non-comparisons In case of no-show, the guest will have to pay the total amount of the reservation. Deposit Your customers don&#8217;t pay a deposit. Internet Wi-Fi access available throughout [&hellip;]<\/p>\n","protected":false},"author":1,"featured_media":0,"parent":0,"menu_order":0,"comment_status":"closed","ping_status":"open","template":"","meta":{"inline_featured_image":false},"_links":{"self":[{"href":"https:\/\/casadocativo.com\/pt\/wp-json\/wp\/v2\/pages\/2302"}],"collection":[{"href":"https:\/\/casadocativo.com\/pt\/wp-json\/wp\/v2\/pages"}],"about":[{"href":"https:\/\/casadocativo.com\/pt\/wp-json\/wp\/v2\/types\/page"}],"author":[{"embeddable":true,"href":"https:\/\/casadocativo.com\/pt\/wp-json\/wp\/v2\/users\/1"}],"replies":[{"embeddable":true,"href":"https:\/\/casadocativo.com\/pt\/wp-json\/wp\/v2\/comments?post=2302"}],"version-history":[{"count":1,"href":"https:\/\/casadocativo.com\/pt\/wp-json\/wp\/v2\/pages\/2302\/revisions"}],"predecessor-version":[{"id":2856,"href":"https:\/\/casadocativo.com\/pt\/wp-json\/wp\/v2\/pages\/2302\/revisions\/2856"}],"wp:attachment":[{"href":"https:\/\/casadocativo.com\/pt\/wp-json\/wp\/v2\/media?parent=2302"}],"curies":[{"name":"wp","href":"https:\/\/api.w.org\/{rel}","templated":true}]}}